{"id":30006,"date":"2026-02-20T08:25:21","date_gmt":"2026-02-20T08:25:21","guid":{"rendered":"https:\/\/ka.reklamsart.com\/?page_id=30006"},"modified":"2026-02-20T08:28:28","modified_gmt":"2026-02-20T08:28:28","slug":"trim-trimming-kaliplari","status":"publish","type":"page","link":"https:\/\/ka.reklamsart.com\/en\/trim-trimming-kaliplari\/","title":{"rendered":"Trim (Trimming) Molds"},"content":{"rendered":"<div data-elementor-type=\"wp-page\" data-elementor-id=\"30006\" class=\"elementor elementor-30006\" data-elementor-post-type=\"page\">\n\t\t\t\t\r\n\t\t<div class=\"default no-position show_shadow rs-sticky-default elementor-element elementor-element-920b3da e-flex e-con-boxed e-con e-parent\" data-id=\"920b3da\" data-element_type=\"container\" data-e-type=\"container\">\n\t\t\t\t\t<div class=\"e-con-inner\">\n\t\t\r\n\t\t<div class=\"default no-position show_shadow rs-sticky-default elementor-element elementor-element-673f0bc e-con-full e-flex e-con e-child\" data-id=\"673f0bc\" data-element_type=\"container\" data-e-type=\"container\">\n\t\t\r\n\t\t\t\t<div class=\"elementor-element elementor-element-cf28aef elementor-widget elementor-widget-image\" data-id=\"cf28aef\" data-element_type=\"widget\" data-e-type=\"widget\" data-widget_type=\"image.default\">\n\t\t\t\t\t\t\t\t\t\t\t\t\t\t\t<img fetchpriority=\"high\" decoding=\"async\" width=\"640\" height=\"507\" src=\"https:\/\/ka.reklamsart.com\/wp-content\/uploads\/2026\/02\/trim-kalip.jpg\" class=\"attachment-large size-large wp-image-29995\" alt=\"\" srcset=\"https:\/\/ka.reklamsart.com\/wp-content\/uploads\/2026\/02\/trim-kalip.jpg 770w, https:\/\/ka.reklamsart.com\/wp-content\/uploads\/2026\/02\/trim-kalip-300x238.jpg 300w, https:\/\/ka.reklamsart.com\/wp-content\/uploads\/2026\/02\/trim-kalip-768x608.jpg 768w\" sizes=\"(max-width: 640px) 100vw, 640px\" \/>\t\t\t\t\t\t\t\t\t\t\t\t\t\t\t<\/div>\n\t\t\t\t<\/div>\n\t\t\r\n\t\t<div class=\"default no-position show_shadow rs-sticky-default elementor-element elementor-element-587acf5 e-con-full e-flex e-con e-child\" data-id=\"587acf5\" data-element_type=\"container\" data-e-type=\"container\">\n\t\t\r\n\t\t\t\t<div class=\"elementor-element elementor-element-459b56a elementor-widget elementor-widget-text-editor\" data-id=\"459b56a\" data-element_type=\"widget\" data-e-type=\"widget\" data-widget_type=\"text-editor.default\">\n\t\t\t\t\t\t\t\t\t<p data-start=\"180\" data-end=\"358\">Y\u00fcksek bas\u0131n\u00e7l\u0131 d\u00f6k\u00fcm sonras\u0131 olu\u015fan \u00e7apaklar\u0131n temizlenmesi ve par\u00e7an\u0131n nihai formuna ula\u015ft\u0131r\u0131lmas\u0131 i\u00e7in y\u00fcksek dayan\u0131ml\u0131 ve hassas <strong data-start=\"313\" data-end=\"342\">trim (trimming) kal\u0131plar\u0131<\/strong> \u00fcretmekteyiz.<\/p><p data-start=\"360\" data-end=\"464\">Lider Kal\u0131p olarak, seri \u00fcretime uygun, uzun \u00f6m\u00fcrl\u00fc ve y\u00fcksek performansl\u0131 trimming \u00e7\u00f6z\u00fcmleri sunuyoruz.<\/p><hr data-start=\"466\" data-end=\"469\" \/><h2 data-start=\"471\" data-end=\"495\">Neden Trim Kal\u0131plar\u0131?<\/h2><p data-start=\"497\" data-end=\"647\">D\u00f6k\u00fcm sonras\u0131 \u00e7apak alma i\u015flemi, par\u00e7an\u0131n \u00f6l\u00e7\u00fcsel do\u011frulu\u011fu ve montaj kalitesi a\u00e7\u0131s\u0131ndan kritik \u00f6neme sahiptir. Do\u011fru tasarlanm\u0131\u015f bir trimming kal\u0131b\u0131:<\/p><ul data-start=\"649\" data-end=\"812\"><li data-start=\"649\" data-end=\"687\"><p data-start=\"651\" data-end=\"687\">\u00c7apaklar\u0131 tek operasyonda temizler<\/p><\/li><li data-start=\"688\" data-end=\"711\"><p data-start=\"690\" data-end=\"711\">Hassas kesim sa\u011flar<\/p><\/li><li data-start=\"712\" data-end=\"740\"><p data-start=\"714\" data-end=\"740\">\u00dcretim s\u00fcresini k\u0131salt\u0131r<\/p><\/li><li data-start=\"741\" data-end=\"778\"><p data-start=\"743\" data-end=\"778\">Par\u00e7a kalitesini standartla\u015ft\u0131r\u0131r<\/p><\/li><li data-start=\"779\" data-end=\"812\"><p data-start=\"781\" data-end=\"812\">\u0130\u015f\u00e7ilik maliyetlerini azalt\u0131r<\/p><\/li><\/ul>\t\t\t\t\t\t\t\t<\/div>\n\t\t\t\t<\/div>\n\t\t\t\t\t<\/div>\n\t\t\t\t<\/div>\n\t\t\t\t<\/div>","protected":false},"excerpt":{"rendered":"<p>Y\u00fcksek bas\u0131n\u00e7l\u0131 d\u00f6k\u00fcm sonras\u0131 olu\u015fan \u00e7apaklar\u0131n temizlenmesi ve par\u00e7an\u0131n nihai formuna ula\u015ft\u0131r\u0131lmas\u0131 i\u00e7in y\u00fcksek dayan\u0131ml\u0131 ve hassas trim (trimming) kal\u0131plar\u0131 \u00fcretmekteyiz. Lider Kal\u0131p olarak, seri \u00fcretime uygun, uzun \u00f6m\u00fcrl\u00fc ve y\u00fcksek performansl\u0131 trimming \u00e7\u00f6z\u00fcmleri sunuyoruz. Neden Trim Kal\u0131plar\u0131? D\u00f6k\u00fcm sonras\u0131 \u00e7apak alma i\u015flemi, par\u00e7an\u0131n \u00f6l\u00e7\u00fcsel do\u011frulu\u011fu ve montaj kalitesi a\u00e7\u0131s\u0131ndan kritik \u00f6neme sahiptir. Do\u011fru tasarlanm\u0131\u015f&#8230;<\/p>","protected":false},"author":1,"featured_media":0,"parent":0,"menu_order":0,"comment_status":"closed","ping_status":"closed","template":"elementor_header_footer","meta":{"footnotes":""},"class_list":["post-30006","page","type-page","status-publish","hentry"],"_links":{"self":[{"href":"https:\/\/ka.reklamsart.com\/en\/wp-json\/wp\/v2\/pages\/30006","targetHints":{"allow":["GET"]}}],"collection":[{"href":"https:\/\/ka.reklamsart.com\/en\/wp-json\/wp\/v2\/pages"}],"about":[{"href":"https:\/\/ka.reklamsart.com\/en\/wp-json\/wp\/v2\/types\/page"}],"author":[{"embeddable":true,"href":"https:\/\/ka.reklamsart.com\/en\/wp-json\/wp\/v2\/users\/1"}],"replies":[{"embeddable":true,"href":"https:\/\/ka.reklamsart.com\/en\/wp-json\/wp\/v2\/comments?post=30006"}],"version-history":[{"count":16,"href":"https:\/\/ka.reklamsart.com\/en\/wp-json\/wp\/v2\/pages\/30006\/revisions"}],"predecessor-version":[{"id":30022,"href":"https:\/\/ka.reklamsart.com\/en\/wp-json\/wp\/v2\/pages\/30006\/revisions\/30022"}],"wp:attachment":[{"href":"https:\/\/ka.reklamsart.com\/en\/wp-json\/wp\/v2\/media?parent=30006"}],"curies":[{"name":"wp","href":"https:\/\/api.w.org\/{rel}","templated":true}]}}