{"id":25000,"date":"2024-03-07T05:00:32","date_gmt":"2024-03-07T05:00:32","guid":{"rendered":"https:\/\/demo.rstheme.com\/wordpress\/industrie\/pkg\/?page_id=25000"},"modified":"2026-02-11T09:17:31","modified_gmt":"2026-02-11T09:17:31","slug":"hizmetlerimiz","status":"publish","type":"page","link":"https:\/\/ka.reklamsart.com\/en\/hizmetlerimiz\/","title":{"rendered":"Services"},"content":{"rendered":"<div data-elementor-type=\"wp-page\" data-elementor-id=\"25000\" class=\"elementor elementor-25000\" data-elementor-post-type=\"page\">\n\t\t\t\t\r\n\t\t<div class=\"default no-position show_shadow rs-sticky-default elementor-element elementor-element-e8256c4 e-flex e-con-boxed e-con e-parent\" data-id=\"e8256c4\" data-element_type=\"container\" data-e-type=\"container\" data-settings=\"{&quot;background_background&quot;:&quot;classic&quot;}\">\n\t\t\t\t\t<div class=\"e-con-inner\">\n\t\t\r\n\t\t\t\t<div class=\"elementor-element elementor-element-b8c0ec0 elementor-widget__width-initial elementor-widget elementor-widget-rs-heading\" data-id=\"b8c0ec0\" data-element_type=\"widget\" data-e-type=\"widget\" data-widget_type=\"rs-heading.default\">\n\t\t\t\t<div class=\"elementor-widget-container\">\n\t\t\t\t\t\n\t\t<div class=\"prelements-heading style1\">\n\t\t\t<div class=\"title-inner\">\n\t\t\t\t<h2 class=\"title rs-split-text-disable\">Services<\/h2>\n\t\t\t<\/div>\n\t\t\t\t\t<\/div>\n\t\t\t\t<\/div>\n\t\t\t\t<\/div>\n\t\t\r\n\t\t\t\t<div class=\"elementor-element elementor-element-5965b84 elementor-widget elementor-widget-rsportfolio\" data-id=\"5965b84\" data-element_type=\"widget\" data-e-type=\"widget\" data-widget_type=\"rsportfolio.default\">\n\t\t\t\t<div class=\"elementor-widget-container\">\n\t\t\t\t\t\t\t<div class=\"rs-portfolio-style1 rsaddon_pro_box\">\n\t\t\t<div class=\"row\">\n\t\t\t\t\r\n\t\t<div class=\"col-lg-4 col-md-4 col-xs-1 grid-item col-sm-\">\r\n\t\t\t<div class=\"portfolio-item content-overlay\">\r\n\t\t\t\t\t\t\t\t\t<a href=\"https:\/\/ka.reklamsart.com\/en\/portfolios\/edm-wire-edm\/\">\r\n                    <div class=\"portfolio-img\">\r\n                    \t<img fetchpriority=\"high\" decoding=\"async\" width=\"640\" height=\"577\" src=\"https:\/\/ka.reklamsart.com\/wp-content\/uploads\/2026\/03\/edm.jpg\" class=\"attachment-large size-large wp-post-image\" alt=\"\" srcset=\"https:\/\/ka.reklamsart.com\/wp-content\/uploads\/2026\/03\/edm.jpg 767w, https:\/\/ka.reklamsart.com\/wp-content\/uploads\/2026\/03\/edm-300x270.jpg 300w, https:\/\/ka.reklamsart.com\/wp-content\/uploads\/2026\/03\/edm-13x12.jpg 13w\" sizes=\"(max-width: 640px) 100vw, 640px\" \/>                    <\/div>\r\n                    <\/a>\r\n                \r\n                <div class=\"portfolio-details\">\r\n                \t<p class=\"p-category\"><\/p>\r\n                \t                \t\t<h4 class=\"p-title\">\r\n                \t\t\t<a href=\"https:\/\/ka.reklamsart.com\/en\/portfolios\/edm-wire-edm\/\" >\r\n                \t\t\t\tEDM &#038; Wire EDM                \t\t\t\t<span class=\"title-icons\">\r\n\t\t\t\t\t\t\t\t\t<svg xmlns=\"http:\/\/www.w3.org\/2000\/svg\" width=\"14\" height=\"14\" viewbox=\"0 0 14 14\"><path d=\"M6 6V0H8V6H14V8H8V14H6V8H0V6H6Z\" fill=\"#071230\"><\/path><\/svg>\r\n\t\t\t\t\t\t\t\t<\/span>\r\n                \t\t\t<\/a>\r\n                \t\t<\/h4>\r\n                \t                <\/div>\r\n\t\t\t\t            <\/div>\r\n\t\t<\/div>\r\n\t\r\n\t\t<div class=\"col-lg-4 col-md-4 col-xs-1 grid-item col-sm-\">\r\n\t\t\t<div class=\"portfolio-item content-overlay\">\r\n\t\t\t\t\t\t\t\t\t<a href=\"https:\/\/ka.reklamsart.com\/en\/portfolios\/cam-programlama\/\">\r\n                    <div class=\"portfolio-img\">\r\n                    \t<img decoding=\"async\" width=\"640\" height=\"577\" src=\"https:\/\/ka.reklamsart.com\/wp-content\/uploads\/2026\/03\/cam-promp.jpg\" class=\"attachment-large size-large wp-post-image\" alt=\"\" srcset=\"https:\/\/ka.reklamsart.com\/wp-content\/uploads\/2026\/03\/cam-promp.jpg 767w, https:\/\/ka.reklamsart.com\/wp-content\/uploads\/2026\/03\/cam-promp-300x270.jpg 300w, https:\/\/ka.reklamsart.com\/wp-content\/uploads\/2026\/03\/cam-promp-13x12.jpg 13w\" sizes=\"(max-width: 640px) 100vw, 640px\" \/>                    <\/div>\r\n                    <\/a>\r\n                \r\n                <div class=\"portfolio-details\">\r\n                \t<p class=\"p-category\"><\/p>\r\n                \t                \t\t<h4 class=\"p-title\">\r\n                \t\t\t<a href=\"https:\/\/ka.reklamsart.com\/en\/portfolios\/cam-programlama\/\" >\r\n                \t\t\t\tCAM Programlama                \t\t\t\t<span class=\"title-icons\">\r\n\t\t\t\t\t\t\t\t\t<svg xmlns=\"http:\/\/www.w3.org\/2000\/svg\" width=\"14\" height=\"14\" viewbox=\"0 0 14 14\"><path d=\"M6 6V0H8V6H14V8H8V14H6V8H0V6H6Z\" fill=\"#071230\"><\/path><\/svg>\r\n\t\t\t\t\t\t\t\t<\/span>\r\n                \t\t\t<\/a>\r\n                \t\t<\/h4>\r\n                \t                <\/div>\r\n\t\t\t\t            <\/div>\r\n\t\t<\/div>\r\n\t\r\n\t\t<div class=\"col-lg-4 col-md-4 col-xs-1 grid-item col-sm-\">\r\n\t\t\t<div class=\"portfolio-item content-overlay\">\r\n\t\t\t\t\t\t\t\t\t<a href=\"https:\/\/ka.reklamsart.com\/en\/portfolios\/simulasyon-hpdc\/\">\r\n                    <div class=\"portfolio-img\">\r\n                    \t<img decoding=\"async\" width=\"640\" height=\"577\" src=\"https:\/\/ka.reklamsart.com\/wp-content\/uploads\/2026\/03\/simulasyon.jpg\" class=\"attachment-large size-large wp-post-image\" alt=\"\" srcset=\"https:\/\/ka.reklamsart.com\/wp-content\/uploads\/2026\/03\/simulasyon.jpg 767w, https:\/\/ka.reklamsart.com\/wp-content\/uploads\/2026\/03\/simulasyon-300x270.jpg 300w, https:\/\/ka.reklamsart.com\/wp-content\/uploads\/2026\/03\/simulasyon-13x12.jpg 13w\" sizes=\"(max-width: 640px) 100vw, 640px\" \/>                    <\/div>\r\n                    <\/a>\r\n                \r\n                <div class=\"portfolio-details\">\r\n                \t<p class=\"p-category\"><\/p>\r\n                \t                \t\t<h4 class=\"p-title\">\r\n                \t\t\t<a href=\"https:\/\/ka.reklamsart.com\/en\/portfolios\/simulasyon-hpdc\/\" >\r\n                \t\t\t\tSim\u00fclasyon (HPDC)                \t\t\t\t<span class=\"title-icons\">\r\n\t\t\t\t\t\t\t\t\t<svg xmlns=\"http:\/\/www.w3.org\/2000\/svg\" width=\"14\" height=\"14\" viewbox=\"0 0 14 14\"><path d=\"M6 6V0H8V6H14V8H8V14H6V8H0V6H6Z\" fill=\"#071230\"><\/path><\/svg>\r\n\t\t\t\t\t\t\t\t<\/span>\r\n                \t\t\t<\/a>\r\n                \t\t<\/h4>\r\n                \t                <\/div>\r\n\t\t\t\t            <\/div>\r\n\t\t<\/div>\r\n\t\r\n\t\t<div class=\"col-lg-4 col-md-4 col-xs-1 grid-item col-sm-\">\r\n\t\t\t<div class=\"portfolio-item content-overlay\">\r\n\t\t\t\t\t\t\t\t\t<a href=\"https:\/\/ka.reklamsart.com\/en\/portfolios\/cad-cae-kalip-tasarimi\/\">\r\n                    <div class=\"portfolio-img\">\r\n                    \t<img loading=\"lazy\" decoding=\"async\" width=\"640\" height=\"577\" src=\"https:\/\/ka.reklamsart.com\/wp-content\/uploads\/2026\/03\/kalip-tasarim.jpg\" class=\"attachment-large size-large wp-post-image\" alt=\"\" srcset=\"https:\/\/ka.reklamsart.com\/wp-content\/uploads\/2026\/03\/kalip-tasarim.jpg 767w, https:\/\/ka.reklamsart.com\/wp-content\/uploads\/2026\/03\/kalip-tasarim-300x270.jpg 300w, https:\/\/ka.reklamsart.com\/wp-content\/uploads\/2026\/03\/kalip-tasarim-13x12.jpg 13w\" sizes=\"(max-width: 640px) 100vw, 640px\" \/>                    <\/div>\r\n                    <\/a>\r\n                \r\n                <div class=\"portfolio-details\">\r\n                \t<p class=\"p-category\"><\/p>\r\n                \t                \t\t<h4 class=\"p-title\">\r\n                \t\t\t<a href=\"https:\/\/ka.reklamsart.com\/en\/portfolios\/cad-cae-kalip-tasarimi\/\" >\r\n                \t\t\t\tCAD \/ CAE Kal\u0131p Tasar\u0131m\u0131                \t\t\t\t<span class=\"title-icons\">\r\n\t\t\t\t\t\t\t\t\t<svg xmlns=\"http:\/\/www.w3.org\/2000\/svg\" width=\"14\" height=\"14\" viewbox=\"0 0 14 14\"><path d=\"M6 6V0H8V6H14V8H8V14H6V8H0V6H6Z\" fill=\"#071230\"><\/path><\/svg>\r\n\t\t\t\t\t\t\t\t<\/span>\r\n                \t\t\t<\/a>\r\n                \t\t<\/h4>\r\n                \t                <\/div>\r\n\t\t\t\t            <\/div>\r\n\t\t<\/div>\r\n\t\r\n\t\t<div class=\"col-lg-4 col-md-4 col-xs-1 grid-item col-sm-\">\r\n\t\t\t<div class=\"portfolio-item content-overlay\">\r\n\t\t\t\t\t\t\t\t\t<a href=\"https:\/\/ka.reklamsart.com\/en\/portfolios\/cnc-isleme-3-ve-5-eksen\/\">\r\n                    <div class=\"portfolio-img\">\r\n                    \t<img loading=\"lazy\" decoding=\"async\" width=\"640\" height=\"577\" src=\"https:\/\/ka.reklamsart.com\/wp-content\/uploads\/2024\/03\/isleme-1.webp\" class=\"attachment-large size-large wp-post-image\" alt=\"\" srcset=\"https:\/\/ka.reklamsart.com\/wp-content\/uploads\/2024\/03\/isleme-1.webp 767w, https:\/\/ka.reklamsart.com\/wp-content\/uploads\/2024\/03\/isleme-1-300x270.webp 300w\" sizes=\"(max-width: 640px) 100vw, 640px\" \/>                    <\/div>\r\n                    <\/a>\r\n                \r\n                <div class=\"portfolio-details\">\r\n                \t<p class=\"p-category\"><\/p>\r\n                \t                \t\t<h4 class=\"p-title\">\r\n                \t\t\t<a href=\"https:\/\/ka.reklamsart.com\/en\/portfolios\/cnc-isleme-3-ve-5-eksen\/\" >\r\n                \t\t\t\tCNC \u0130\u015fleme (3 ve 5 eksen)                \t\t\t\t<span class=\"title-icons\">\r\n\t\t\t\t\t\t\t\t\t<svg xmlns=\"http:\/\/www.w3.org\/2000\/svg\" width=\"14\" height=\"14\" viewbox=\"0 0 14 14\"><path d=\"M6 6V0H8V6H14V8H8V14H6V8H0V6H6Z\" fill=\"#071230\"><\/path><\/svg>\r\n\t\t\t\t\t\t\t\t<\/span>\r\n                \t\t\t<\/a>\r\n                \t\t<\/h4>\r\n                \t                <\/div>\r\n\t\t\t\t            <\/div>\r\n\t\t<\/div>\r\n\t\r\n\t\t<div class=\"col-lg-4 col-md-4 col-xs-1 grid-item col-sm-\">\r\n\t\t\t<div class=\"portfolio-item content-overlay\">\r\n\t\t\t\t\t\t\t\t\t<a href=\"https:\/\/ka.reklamsart.com\/en\/portfolios\/kalip-montaj-ve-ayar\/\">\r\n                    <div class=\"portfolio-img\">\r\n                    \t<img loading=\"lazy\" decoding=\"async\" width=\"640\" height=\"577\" src=\"https:\/\/ka.reklamsart.com\/wp-content\/uploads\/2024\/03\/kalip-montaj.jpg\" class=\"attachment-large size-large wp-post-image\" alt=\"\" srcset=\"https:\/\/ka.reklamsart.com\/wp-content\/uploads\/2024\/03\/kalip-montaj.jpg 767w, https:\/\/ka.reklamsart.com\/wp-content\/uploads\/2024\/03\/kalip-montaj-300x270.jpg 300w\" sizes=\"(max-width: 640px) 100vw, 640px\" \/>                    <\/div>\r\n                    <\/a>\r\n                \r\n                <div class=\"portfolio-details\">\r\n                \t<p class=\"p-category\"><\/p>\r\n                \t                \t\t<h4 class=\"p-title\">\r\n                \t\t\t<a href=\"https:\/\/ka.reklamsart.com\/en\/portfolios\/kalip-montaj-ve-ayar\/\" >\r\n                \t\t\t\tKal\u0131p Montaj ve Ayar                \t\t\t\t<span class=\"title-icons\">\r\n\t\t\t\t\t\t\t\t\t<svg xmlns=\"http:\/\/www.w3.org\/2000\/svg\" width=\"14\" height=\"14\" viewbox=\"0 0 14 14\"><path d=\"M6 6V0H8V6H14V8H8V14H6V8H0V6H6Z\" fill=\"#071230\"><\/path><\/svg>\r\n\t\t\t\t\t\t\t\t<\/span>\r\n                \t\t\t<\/a>\r\n                \t\t<\/h4>\r\n                \t                <\/div>\r\n\t\t\t\t            <\/div>\r\n\t\t<\/div>\r\n\t\r\n\t\t<div class=\"col-lg-4 col-md-4 col-xs-1 grid-item col-sm-\">\r\n\t\t\t<div class=\"portfolio-item content-overlay\">\r\n\t\t\t\t\t\t\t\t\t<a href=\"https:\/\/ka.reklamsart.com\/en\/portfolios\/kalip-bakim-ve-revizyon\/\">\r\n                    <div class=\"portfolio-img\">\r\n                    \t<img loading=\"lazy\" decoding=\"async\" width=\"640\" height=\"577\" src=\"https:\/\/ka.reklamsart.com\/wp-content\/uploads\/2024\/03\/lider-kalip-8.webp\" class=\"attachment-large size-large wp-post-image\" alt=\"\" srcset=\"https:\/\/ka.reklamsart.com\/wp-content\/uploads\/2024\/03\/lider-kalip-8.webp 767w, https:\/\/ka.reklamsart.com\/wp-content\/uploads\/2024\/03\/lider-kalip-8-300x270.webp 300w\" sizes=\"(max-width: 640px) 100vw, 640px\" \/>                    <\/div>\r\n                    <\/a>\r\n                \r\n                <div class=\"portfolio-details\">\r\n                \t<p class=\"p-category\"><\/p>\r\n                \t                \t\t<h4 class=\"p-title\">\r\n                \t\t\t<a href=\"https:\/\/ka.reklamsart.com\/en\/portfolios\/kalip-bakim-ve-revizyon\/\" >\r\n                \t\t\t\tKal\u0131p Bak\u0131m ve Revizyon                \t\t\t\t<span class=\"title-icons\">\r\n\t\t\t\t\t\t\t\t\t<svg xmlns=\"http:\/\/www.w3.org\/2000\/svg\" width=\"14\" height=\"14\" viewbox=\"0 0 14 14\"><path d=\"M6 6V0H8V6H14V8H8V14H6V8H0V6H6Z\" fill=\"#071230\"><\/path><\/svg>\r\n\t\t\t\t\t\t\t\t<\/span>\r\n                \t\t\t<\/a>\r\n                \t\t<\/h4>\r\n                \t                <\/div>\r\n\t\t\t\t            <\/div>\r\n\t\t<\/div>\r\n\t\r\n\t\t<div class=\"col-lg-4 col-md-4 col-xs-1 grid-item col-sm-\">\r\n\t\t\t<div class=\"portfolio-item content-overlay\">\r\n\t\t\t\t\t\t\t\t\t<a href=\"https:\/\/ka.reklamsart.com\/en\/portfolios\/kalite-kontrol-ve-olcum\/\">\r\n                    <div class=\"portfolio-img\">\r\n                    \t<img loading=\"lazy\" decoding=\"async\" width=\"640\" height=\"577\" src=\"https:\/\/ka.reklamsart.com\/wp-content\/uploads\/2024\/03\/kalite-kontrol.jpg\" class=\"attachment-large size-large wp-post-image\" alt=\"\" srcset=\"https:\/\/ka.reklamsart.com\/wp-content\/uploads\/2024\/03\/kalite-kontrol.jpg 767w, https:\/\/ka.reklamsart.com\/wp-content\/uploads\/2024\/03\/kalite-kontrol-300x270.jpg 300w\" sizes=\"(max-width: 640px) 100vw, 640px\" \/>                    <\/div>\r\n                    <\/a>\r\n                \r\n                <div class=\"portfolio-details\">\r\n                \t<p class=\"p-category\"><\/p>\r\n                \t                \t\t<h4 class=\"p-title\">\r\n                \t\t\t<a href=\"https:\/\/ka.reklamsart.com\/en\/portfolios\/kalite-kontrol-ve-olcum\/\" >\r\n                \t\t\t\tKalite Kontrol ve \u00d6l\u00e7\u00fcm                \t\t\t\t<span class=\"title-icons\">\r\n\t\t\t\t\t\t\t\t\t<svg xmlns=\"http:\/\/www.w3.org\/2000\/svg\" width=\"14\" height=\"14\" viewbox=\"0 0 14 14\"><path d=\"M6 6V0H8V6H14V8H8V14H6V8H0V6H6Z\" fill=\"#071230\"><\/path><\/svg>\r\n\t\t\t\t\t\t\t\t<\/span>\r\n                \t\t\t<\/a>\r\n                \t\t<\/h4>\r\n                \t                <\/div>\r\n\t\t\t\t            <\/div>\r\n\t\t<\/div>\r\n\t\r\n\t\t<div class=\"col-lg-4 col-md-4 col-xs-1 grid-item col-sm-\">\r\n\t\t\t<div class=\"portfolio-item content-overlay\">\r\n\t\t\t\t\t\t\t\t\t<a href=\"https:\/\/ka.reklamsart.com\/en\/portfolios\/taslama-ve-hassas-isleme\/\">\r\n                    <div class=\"portfolio-img\">\r\n                    \t<img loading=\"lazy\" decoding=\"async\" width=\"640\" height=\"577\" src=\"https:\/\/ka.reklamsart.com\/wp-content\/uploads\/2024\/03\/taslama.jpg\" class=\"attachment-large size-large wp-post-image\" alt=\"\" srcset=\"https:\/\/ka.reklamsart.com\/wp-content\/uploads\/2024\/03\/taslama.jpg 767w, https:\/\/ka.reklamsart.com\/wp-content\/uploads\/2024\/03\/taslama-300x270.jpg 300w\" sizes=\"(max-width: 640px) 100vw, 640px\" \/>                    <\/div>\r\n                    <\/a>\r\n                \r\n                <div class=\"portfolio-details\">\r\n                \t<p class=\"p-category\"><\/p>\r\n                \t                \t\t<h4 class=\"p-title\">\r\n                \t\t\t<a href=\"https:\/\/ka.reklamsart.com\/en\/portfolios\/taslama-ve-hassas-isleme\/\" >\r\n                \t\t\t\tTa\u015flama ve Hassas \u0130\u015fleme                \t\t\t\t<span class=\"title-icons\">\r\n\t\t\t\t\t\t\t\t\t<svg xmlns=\"http:\/\/www.w3.org\/2000\/svg\" width=\"14\" height=\"14\" viewbox=\"0 0 14 14\"><path d=\"M6 6V0H8V6H14V8H8V14H6V8H0V6H6Z\" fill=\"#071230\"><\/path><\/svg>\r\n\t\t\t\t\t\t\t\t<\/span>\r\n                \t\t\t<\/a>\r\n                \t\t<\/h4>\r\n                \t                <\/div>\r\n\t\t\t\t            <\/div>\r\n\t\t<\/div>\r\n\t\t\t\t<\/div>\n\t\t<\/div>\n\t\t\t\t\t<\/div>\n\t\t\t\t<\/div>\n\t\t\t\t\t<\/div>\n\t\t\t\t<\/div>\n\t\t\t\t<\/div>","protected":false},"excerpt":{"rendered":"<p>Hizmetlerimiz Robotic Tasar\u0131m ve Programlama Robotic \u0130\u015fleme (CNC \u0130\u015fleme) Robotic Dalma Erezyon (EDM) Robotic Tel Erezyon Metallurgy Kalite Y\u00f6netimi Metallurgy Kal\u0131p Montaj Metallurgy Kal\u0131p Bak\u0131m ve Revizyon Metallurgy Kalite Kontrol Metallurgy Ta\u015flama<\/p>","protected":false},"author":1,"featured_media":0,"parent":0,"menu_order":0,"comment_status":"closed","ping_status":"closed","template":"elementor_header_footer","meta":{"footnotes":""},"class_list":["post-25000","page","type-page","status-publish","hentry"],"_links":{"self":[{"href":"https:\/\/ka.reklamsart.com\/en\/wp-json\/wp\/v2\/pages\/25000","targetHints":{"allow":["GET"]}}],"collection":[{"href":"https:\/\/ka.reklamsart.com\/en\/wp-json\/wp\/v2\/pages"}],"about":[{"href":"https:\/\/ka.reklamsart.com\/en\/wp-json\/wp\/v2\/types\/page"}],"author":[{"embeddable":true,"href":"https:\/\/ka.reklamsart.com\/en\/wp-json\/wp\/v2\/users\/1"}],"replies":[{"embeddable":true,"href":"https:\/\/ka.reklamsart.com\/en\/wp-json\/wp\/v2\/comments?post=25000"}],"version-history":[{"count":14,"href":"https:\/\/ka.reklamsart.com\/en\/wp-json\/wp\/v2\/pages\/25000\/revisions"}],"predecessor-version":[{"id":29650,"href":"https:\/\/ka.reklamsart.com\/en\/wp-json\/wp\/v2\/pages\/25000\/revisions\/29650"}],"wp:attachment":[{"href":"https:\/\/ka.reklamsart.com\/en\/wp-json\/wp\/v2\/media?parent=25000"}],"curies":[{"name":"wp","href":"https:\/\/api.w.org\/{rel}","templated":true}]}}