{"id":30386,"date":"2026-03-24T13:55:20","date_gmt":"2026-03-24T13:55:20","guid":{"rendered":"https:\/\/ka.reklamsart.com\/?page_id=30386"},"modified":"2026-04-10T14:48:06","modified_gmt":"2026-04-10T14:48:06","slug":"iso-ve-kalite-belgeleri","status":"publish","type":"page","link":"https:\/\/ka.reklamsart.com\/de\/iso-ve-kalite-belgeleri\/","title":{"rendered":"ISO ve Kalite Belgeleri"},"content":{"rendered":"<div data-elementor-type=\"wp-page\" data-elementor-id=\"30386\" class=\"elementor elementor-30386\" data-elementor-post-type=\"page\">\n\t\t\t\t\r\n\t\t<div class=\"default no-position show_shadow rs-sticky-default elementor-element elementor-element-8e3d07d e-flex e-con-boxed e-con e-parent\" data-id=\"8e3d07d\" data-element_type=\"container\" data-e-type=\"container\">\n\t\t\t\t\t<div class=\"e-con-inner\">\n\t\t\r\n\t\t<div class=\"default no-position show_shadow rs-sticky-default elementor-element elementor-element-5d91bb6 e-con-full e-flex e-con e-child\" data-id=\"5d91bb6\" data-element_type=\"container\" data-e-type=\"container\">\n\t\t\r\n\t\t\t\t<div class=\"elementor-element elementor-element-d2ed010 elementor-widget elementor-widget-image\" data-id=\"d2ed010\" data-element_type=\"widget\" data-e-type=\"widget\" data-widget_type=\"image.default\">\n\t\t\t\t\t\t\t\t\t\t\t\t\t\t\t<img fetchpriority=\"high\" decoding=\"async\" width=\"640\" height=\"360\" src=\"https:\/\/ka.reklamsart.com\/wp-content\/uploads\/2026\/02\/liderkalip-web-2025-1024x576.jpg\" class=\"attachment-large size-large wp-image-30044\" alt=\"\" srcset=\"https:\/\/ka.reklamsart.com\/wp-content\/uploads\/2026\/02\/liderkalip-web-2025-1024x576.jpg 1024w, https:\/\/ka.reklamsart.com\/wp-content\/uploads\/2026\/02\/liderkalip-web-2025-300x169.jpg 300w, https:\/\/ka.reklamsart.com\/wp-content\/uploads\/2026\/02\/liderkalip-web-2025-768x432.jpg 768w, https:\/\/ka.reklamsart.com\/wp-content\/uploads\/2026\/02\/liderkalip-web-2025-1536x864.jpg 1536w, https:\/\/ka.reklamsart.com\/wp-content\/uploads\/2026\/02\/liderkalip-web-2025-352x199.jpg 352w, https:\/\/ka.reklamsart.com\/wp-content\/uploads\/2026\/02\/liderkalip-web-2025.jpg 1920w\" sizes=\"(max-width: 640px) 100vw, 640px\" \/>\t\t\t\t\t\t\t\t\t\t\t\t\t\t\t<\/div>\n\t\t\t\t<\/div>\n\t\t\r\n\t\t<div class=\"default no-position show_shadow rs-sticky-default elementor-element elementor-element-91a0268 e-con-full e-flex e-con e-child\" data-id=\"91a0268\" data-element_type=\"container\" data-e-type=\"container\">\n\t\t\r\n\t\t\t\t<div class=\"elementor-element elementor-element-4b81e72 elementor-widget__width-initial elementor-widget elementor-widget-rs-heading\" data-id=\"4b81e72\" data-element_type=\"widget\" data-e-type=\"widget\" data-widget_type=\"rs-heading.default\">\n\t\t\t\t<div class=\"elementor-widget-container\">\n\t\t\t\t\t\n\t\t<div class=\"prelements-heading style1\">\n\t\t\t<div class=\"title-inner\">\n\t\t\t\t\n\t\t\t<\/div>\n\t\t\t\t\t\t\t<div class=\"description\">\n\t\t\t\t\t<p>\u2022 <strong data-start=\"2\" data-end=\"21\">1987 \u2013 Kurulu\u015f:<\/strong> Otomotiv ve \u00fcretim sekt\u00f6rlerine y\u00fcksek kaliteli kal\u0131p \u00e7\u00f6z\u00fcmleri sunmak amac\u0131yla kuruldu.<br data-start=\"110\" data-end=\"113\" \/>\u2022 <strong data-start=\"115\" data-end=\"150\">1993 \u2013 Kalite Kontrol Yat\u0131r\u0131m\u0131:<\/strong> 3D \u00f6l\u00e7\u00fcm cihazlar\u0131 ve kalite sistemlerine yat\u0131r\u0131m yap\u0131ld\u0131.<br data-start=\"209\" data-end=\"212\" \/>\u2022 <strong data-start=\"214\" data-end=\"255\">2000 \u2013 \u00dcretim Kapasitesi Geni\u015flemesi:<\/strong> \u00dcretim kapasitesini art\u0131rmak i\u00e7in CNC makineleri devreye al\u0131nd\u0131.<br data-start=\"320\" data-end=\"323\" \/>\u2022 <strong data-start=\"325\" data-end=\"359\">2002 \u2013 Ar-Ge Merkezi Kurulu\u015fu:<\/strong> Yenilik\u00e7i kal\u0131p tasar\u0131mlar\u0131 ve m\u00fchendislik \u00e7\u00f6z\u00fcmleri geli\u015ftirilmeye ba\u015fland\u0131.<br data-start=\"437\" data-end=\"440\" \/>\u2022 <strong data-start=\"442\" data-end=\"474\">2004 \u2013 ISO 9001 Sertifikas\u0131:<\/strong> Uluslararas\u0131 kalite standartlar\u0131na uyum sa\u011fland\u0131.<br data-start=\"524\" data-end=\"527\" \/>\u2022 <strong data-start=\"529\" data-end=\"562\">2005 \u2013 K\u00fcresel Pazara A\u00e7\u0131l\u0131m:<\/strong> Avrupa ve Orta Do\u011fu\u2019ya ihracata ba\u015fland\u0131.<\/p>\t\t\t\t<\/div>\n\t\t\t\t\t<\/div>\n\t\t\t\t<\/div>\n\t\t\t\t<\/div>\n\t\t\t\t<\/div>\n\t\t\t\t\t<\/div>\n\t\t\t\t<\/div>\n\t\t\r\n\t\t<div class=\"default no-position show_shadow rs-sticky-default elementor-element elementor-element-e455446 e-flex e-con-boxed e-con e-parent\" data-id=\"e455446\" data-element_type=\"container\" data-e-type=\"container\">\n\t\t\t\t\t<div class=\"e-con-inner\">\n\t\t\r\n\t\t<div class=\"default no-position show_shadow rs-sticky-default elementor-element elementor-element-33fdd36 e-con-full e-flex e-con e-child\" data-id=\"33fdd36\" data-element_type=\"container\" data-e-type=\"container\">\n\t\t\r\n\t\t\t\t<div class=\"elementor-element elementor-element-bd1d8eb elementor-widget__width-initial elementor-widget elementor-widget-rs-heading\" data-id=\"bd1d8eb\" data-element_type=\"widget\" data-e-type=\"widget\" data-widget_type=\"rs-heading.default\">\n\t\t\t\t<div class=\"elementor-widget-container\">\n\t\t\t\t\t\n\t\t<div class=\"prelements-heading style1\">\n\t\t\t<div class=\"title-inner\">\n\t\t\t\t\n\t\t\t<\/div>\n\t\t\t\t\t\t\t<div class=\"description\">\n\t\t\t\t\t<p>\u2022 <strong data-start=\"2\" data-end=\"21\">1987 \u2013 Kurulu\u015f:<\/strong> Otomotiv ve \u00fcretim sekt\u00f6rlerine y\u00fcksek kaliteli kal\u0131p \u00e7\u00f6z\u00fcmleri sunmak amac\u0131yla kuruldu.<br data-start=\"110\" data-end=\"113\" \/>\u2022 <strong data-start=\"115\" data-end=\"150\">1993 \u2013 Kalite Kontrol Yat\u0131r\u0131m\u0131:<\/strong> 3D \u00f6l\u00e7\u00fcm cihazlar\u0131 ve kalite sistemlerine yat\u0131r\u0131m yap\u0131ld\u0131.<br data-start=\"209\" data-end=\"212\" \/>\u2022 <strong data-start=\"214\" data-end=\"255\">2000 \u2013 \u00dcretim Kapasitesi Geni\u015flemesi:<\/strong> \u00dcretim kapasitesini art\u0131rmak i\u00e7in CNC makineleri devreye al\u0131nd\u0131.<br data-start=\"320\" data-end=\"323\" \/>\u2022 <strong data-start=\"325\" data-end=\"359\">2002 \u2013 Ar-Ge Merkezi Kurulu\u015fu:<\/strong> Yenilik\u00e7i kal\u0131p tasar\u0131mlar\u0131 ve m\u00fchendislik \u00e7\u00f6z\u00fcmleri geli\u015ftirilmeye ba\u015fland\u0131.<br data-start=\"437\" data-end=\"440\" \/>\u2022 <strong data-start=\"442\" data-end=\"474\">2004 \u2013 ISO 9001 Sertifikas\u0131:<\/strong> Uluslararas\u0131 kalite standartlar\u0131na uyum sa\u011fland\u0131.<br data-start=\"524\" data-end=\"527\" \/>\u2022 <strong data-start=\"529\" data-end=\"562\">2005 \u2013 K\u00fcresel Pazara A\u00e7\u0131l\u0131m:<\/strong> Avrupa ve Orta Do\u011fu\u2019ya ihracata ba\u015fland\u0131.<\/p>\t\t\t\t<\/div>\n\t\t\t\t\t<\/div>\n\t\t\t\t<\/div>\n\t\t\t\t<\/div>\n\t\t\r\n\t\t\t\t<div class=\"elementor-element elementor-element-feb45e4 elementor-widget elementor-widget-image\" data-id=\"feb45e4\" data-element_type=\"widget\" data-e-type=\"widget\" data-widget_type=\"image.default\">\n\t\t\t\t\t\t\t\t\t\t\t\t\t\t\t<img decoding=\"async\" width=\"358\" height=\"123\" src=\"https:\/\/ka.reklamsart.com\/wp-content\/uploads\/2026\/02\/lider-kalip.sticky.png\" class=\"attachment-large size-large wp-image-29407\" alt=\"\" srcset=\"https:\/\/ka.reklamsart.com\/wp-content\/uploads\/2026\/02\/lider-kalip.sticky.png 358w, https:\/\/ka.reklamsart.com\/wp-content\/uploads\/2026\/02\/lider-kalip.sticky-300x103.png 300w\" sizes=\"(max-width: 358px) 100vw, 358px\" \/>\t\t\t\t\t\t\t\t\t\t\t\t\t\t\t<\/div>\n\t\t\t\t<\/div>\n\t\t\r\n\t\t<div class=\"default no-position show_shadow rs-sticky-default elementor-element elementor-element-5271395 e-con-full e-flex e-con e-child\" data-id=\"5271395\" data-element_type=\"container\" data-e-type=\"container\">\n\t\t\r\n\t\t\t\t<div class=\"elementor-element elementor-element-d596fec elementor-widget elementor-widget-image\" data-id=\"d596fec\" data-element_type=\"widget\" data-e-type=\"widget\" data-widget_type=\"image.default\">\n\t\t\t\t\t\t\t\t\t\t\t\t\t\t\t<img decoding=\"async\" width=\"640\" height=\"360\" src=\"https:\/\/ka.reklamsart.com\/wp-content\/uploads\/2026\/02\/liderkalip-web-2025-2-1024x576.jpg\" class=\"attachment-large size-large wp-image-30048\" alt=\"\" srcset=\"https:\/\/ka.reklamsart.com\/wp-content\/uploads\/2026\/02\/liderkalip-web-2025-2-1024x576.jpg 1024w, https:\/\/ka.reklamsart.com\/wp-content\/uploads\/2026\/02\/liderkalip-web-2025-2-300x169.jpg 300w, https:\/\/ka.reklamsart.com\/wp-content\/uploads\/2026\/02\/liderkalip-web-2025-2-768x432.jpg 768w, https:\/\/ka.reklamsart.com\/wp-content\/uploads\/2026\/02\/liderkalip-web-2025-2-1536x864.jpg 1536w, https:\/\/ka.reklamsart.com\/wp-content\/uploads\/2026\/02\/liderkalip-web-2025-2-352x199.jpg 352w, https:\/\/ka.reklamsart.com\/wp-content\/uploads\/2026\/02\/liderkalip-web-2025-2.jpg 1920w\" sizes=\"(max-width: 640px) 100vw, 640px\" \/>\t\t\t\t\t\t\t\t\t\t\t\t\t\t\t<\/div>\n\t\t\t\t<\/div>\n\t\t\t\t\t<\/div>\n\t\t\t\t<\/div>\n\t\t\t\t<\/div>","protected":false},"excerpt":{"rendered":"<p>\u2022 1987 \u2013 Kurulu\u015f: Otomotiv ve \u00fcretim sekt\u00f6rlerine y\u00fcksek kaliteli kal\u0131p \u00e7\u00f6z\u00fcmleri sunmak amac\u0131yla kuruldu.\u2022 1993 \u2013 Kalite Kontrol Yat\u0131r\u0131m\u0131: 3D \u00f6l\u00e7\u00fcm cihazlar\u0131 ve kalite sistemlerine yat\u0131r\u0131m yap\u0131ld\u0131.\u2022 2000 \u2013 \u00dcretim Kapasitesi Geni\u015flemesi: \u00dcretim kapasitesini art\u0131rmak i\u00e7in CNC makineleri devreye al\u0131nd\u0131.\u2022 2002 \u2013 Ar-Ge Merkezi Kurulu\u015fu: Yenilik\u00e7i kal\u0131p tasar\u0131mlar\u0131 ve m\u00fchendislik \u00e7\u00f6z\u00fcmleri geli\u015ftirilmeye ba\u015fland\u0131.\u2022 2004&#8230;<\/p>","protected":false},"author":1,"featured_media":0,"parent":0,"menu_order":0,"comment_status":"closed","ping_status":"closed","template":"elementor_header_footer","meta":{"footnotes":""},"class_list":["post-30386","page","type-page","status-publish","hentry"],"_links":{"self":[{"href":"https:\/\/ka.reklamsart.com\/de\/wp-json\/wp\/v2\/pages\/30386","targetHints":{"allow":["GET"]}}],"collection":[{"href":"https:\/\/ka.reklamsart.com\/de\/wp-json\/wp\/v2\/pages"}],"about":[{"href":"https:\/\/ka.reklamsart.com\/de\/wp-json\/wp\/v2\/types\/page"}],"author":[{"embeddable":true,"href":"https:\/\/ka.reklamsart.com\/de\/wp-json\/wp\/v2\/users\/1"}],"replies":[{"embeddable":true,"href":"https:\/\/ka.reklamsart.com\/de\/wp-json\/wp\/v2\/comments?post=30386"}],"version-history":[{"count":22,"href":"https:\/\/ka.reklamsart.com\/de\/wp-json\/wp\/v2\/pages\/30386\/revisions"}],"predecessor-version":[{"id":30437,"href":"https:\/\/ka.reklamsart.com\/de\/wp-json\/wp\/v2\/pages\/30386\/revisions\/30437"}],"wp:attachment":[{"href":"https:\/\/ka.reklamsart.com\/de\/wp-json\/wp\/v2\/media?parent=30386"}],"curies":[{"name":"wp","href":"https:\/\/api.w.org\/{rel}","templated":true}]}}