{"id":30372,"date":"2026-03-24T13:45:59","date_gmt":"2026-03-24T13:45:59","guid":{"rendered":"https:\/\/ka.reklamsart.com\/?page_id=30372"},"modified":"2026-03-24T13:50:23","modified_gmt":"2026-03-24T13:50:23","slug":"fabrika-ve-uretim-altyapisi","status":"publish","type":"page","link":"https:\/\/ka.reklamsart.com\/de\/fabrika-ve-uretim-altyapisi\/","title":{"rendered":"Fabrika ve \u00dcretim Altyap\u0131s\u0131"},"content":{"rendered":"<div data-elementor-type=\"wp-page\" data-elementor-id=\"30372\" class=\"elementor elementor-30372\" data-elementor-post-type=\"page\">\n\t\t\t\t\r\n\t\t<div class=\"default no-position show_shadow rs-sticky-default elementor-element elementor-element-8e3d07d e-flex e-con-boxed e-con e-parent\" data-id=\"8e3d07d\" data-element_type=\"container\" data-e-type=\"container\">\n\t\t\t\t\t<div class=\"e-con-inner\">\n\t\t\r\n\t\t<div class=\"default no-position show_shadow rs-sticky-default elementor-element elementor-element-5d91bb6 e-con-full e-flex e-con e-child\" data-id=\"5d91bb6\" data-element_type=\"container\" data-e-type=\"container\">\n\t\t\r\n\t\t\t\t<div class=\"elementor-element elementor-element-d2ed010 elementor-widget elementor-widget-image\" data-id=\"d2ed010\" data-element_type=\"widget\" data-e-type=\"widget\" data-widget_type=\"image.default\">\n\t\t\t\t\t\t\t\t\t\t\t\t\t\t\t<img fetchpriority=\"high\" decoding=\"async\" width=\"640\" height=\"422\" src=\"https:\/\/ka.reklamsart.com\/wp-content\/uploads\/2026\/03\/Slayt-1.jpg\" class=\"attachment-large size-large wp-image-30376\" alt=\"\" srcset=\"https:\/\/ka.reklamsart.com\/wp-content\/uploads\/2026\/03\/Slayt-1.jpg 957w, https:\/\/ka.reklamsart.com\/wp-content\/uploads\/2026\/03\/Slayt-1-300x198.jpg 300w, https:\/\/ka.reklamsart.com\/wp-content\/uploads\/2026\/03\/Slayt-1-768x506.jpg 768w, https:\/\/ka.reklamsart.com\/wp-content\/uploads\/2026\/03\/Slayt-1-18x12.jpg 18w, https:\/\/ka.reklamsart.com\/wp-content\/uploads\/2026\/03\/Slayt-1-834x550.jpg 834w\" sizes=\"(max-width: 640px) 100vw, 640px\" \/>\t\t\t\t\t\t\t\t\t\t\t\t\t\t\t<\/div>\n\t\t\t\t<\/div>\n\t\t\r\n\t\t<div class=\"default no-position show_shadow rs-sticky-default elementor-element elementor-element-91a0268 e-con-full e-flex e-con e-child\" data-id=\"91a0268\" data-element_type=\"container\" data-e-type=\"container\">\n\t\t\r\n\t\t\t\t<div class=\"elementor-element elementor-element-4b81e72 elementor-widget__width-initial elementor-widget elementor-widget-rs-heading\" data-id=\"4b81e72\" data-element_type=\"widget\" data-e-type=\"widget\" data-widget_type=\"rs-heading.default\">\n\t\t\t\t<div class=\"elementor-widget-container\">\n\t\t\t\t\t\n\t\t<div class=\"prelements-heading style1\">\n\t\t\t<div class=\"title-inner\">\n\t\t\t\t<h2 class=\"title rs-split-text-enable split-in-fade\">Fabrikam\u0131z\u0131n Avantajlar\u0131<\/h2>\n\t\t\t<\/div>\n\t\t\t\t\t\t\t<div class=\"description\">\n\t\t\t\t\t<ul><li>Toplam 3800 m\u00b2 \u00fcretim alan\u0131<\/li><li>750 m\u00b2 y\u00f6netim alan\u0131<\/li><li>Sanayi b\u00f6lgesi<\/li><li>Planl\u0131 yerle\u015fim d\u00fczeni<\/li><li>Y\u00fcksek verimlilik<\/li><li>Kolay y\u00f6netim<\/li><li>Yeni makinelerle daha y\u00fcksek kapasite<\/li><\/ul>\t\t\t\t<\/div>\n\t\t\t\t\t<\/div>\n\t\t\t\t<\/div>\n\t\t\t\t<\/div>\n\t\t\t\t<\/div>\n\t\t\t\t\t<\/div>\n\t\t\t\t<\/div>\n\t\t\t\t<\/div>","protected":false},"excerpt":{"rendered":"<p>Fabrikam\u0131z\u0131n Avantajlar\u0131 Toplam 3800 m\u00b2 \u00fcretim alan\u0131 750 m\u00b2 y\u00f6netim alan\u0131 Sanayi b\u00f6lgesi Planl\u0131 yerle\u015fim d\u00fczeni Y\u00fcksek verimlilik Kolay y\u00f6netim Yeni makinelerle daha y\u00fcksek kapasite<\/p>","protected":false},"author":1,"featured_media":0,"parent":0,"menu_order":0,"comment_status":"closed","ping_status":"closed","template":"elementor_header_footer","meta":{"footnotes":""},"class_list":["post-30372","page","type-page","status-publish","hentry"],"_links":{"self":[{"href":"https:\/\/ka.reklamsart.com\/de\/wp-json\/wp\/v2\/pages\/30372","targetHints":{"allow":["GET"]}}],"collection":[{"href":"https:\/\/ka.reklamsart.com\/de\/wp-json\/wp\/v2\/pages"}],"about":[{"href":"https:\/\/ka.reklamsart.com\/de\/wp-json\/wp\/v2\/types\/page"}],"author":[{"embeddable":true,"href":"https:\/\/ka.reklamsart.com\/de\/wp-json\/wp\/v2\/users\/1"}],"replies":[{"embeddable":true,"href":"https:\/\/ka.reklamsart.com\/de\/wp-json\/wp\/v2\/comments?post=30372"}],"version-history":[{"count":11,"href":"https:\/\/ka.reklamsart.com\/de\/wp-json\/wp\/v2\/pages\/30372\/revisions"}],"predecessor-version":[{"id":30385,"href":"https:\/\/ka.reklamsart.com\/de\/wp-json\/wp\/v2\/pages\/30372\/revisions\/30385"}],"wp:attachment":[{"href":"https:\/\/ka.reklamsart.com\/de\/wp-json\/wp\/v2\/media?parent=30372"}],"curies":[{"name":"wp","href":"https:\/\/api.w.org\/{rel}","templated":true}]}}